{"id":3894,"date":"2026-04-18T19:00:30","date_gmt":"2026-04-18T23:00:30","guid":{"rendered":"https:\/\/medikwestindies.fr\/blog\/?post_type=product&#038;p=3894"},"modified":"2026-04-28T12:13:37","modified_gmt":"2026-04-28T16:13:37","slug":"don-gala-medik-exterieur","status":"publish","type":"product","link":"https:\/\/medikwestindies.fr\/blog\/shop\/don-gala-medik-exterieur\/","title":{"rendered":"Don Gala Medik Non adh\u00e9rents"},"content":{"rendered":"<p>Acc\u00e8s \u00e0 la soir\u00e9e + boisson \u00e0 volont\u00e9 + repas<\/p>\n","protected":false},"excerpt":{"rendered":"[contact-form][contact-field label=\"Nom\" type=\"name\"  required=\"true\" \/][contact-field label=\"E-mail\" type=\"email\" required=\"true\" \/][contact-field label=\"Site web\" type=\"url\" \/][contact-field label=\"Message\" type=\"textarea\" \/][\/contact-form]\n","protected":false},"featured_media":3895,"comment_status":"closed","ping_status":"closed","template":"","meta":{"_monsterinsights_skip_tracking":false,"_monsterinsights_sitenote_active":false,"_monsterinsights_sitenote_note":"","_monsterinsights_sitenote_category":0},"product_cat":[15],"product_tag":[],"aioseo_notices":[],"jetpack_sharing_enabled":true,"_links":{"self":[{"href":"https:\/\/medikwestindies.fr\/blog\/wp-json\/wp\/v2\/product\/3894"}],"collection":[{"href":"https:\/\/medikwestindies.fr\/blog\/wp-json\/wp\/v2\/product"}],"about":[{"href":"https:\/\/medikwestindies.fr\/blog\/wp-json\/wp\/v2\/types\/product"}],"replies":[{"embeddable":true,"href":"https:\/\/medikwestindies.fr\/blog\/wp-json\/wp\/v2\/comments?post=3894"}],"wp:featuredmedia":[{"embeddable":true,"href":"https:\/\/medikwestindies.fr\/blog\/wp-json\/wp\/v2\/media\/3895"}],"wp:attachment":[{"href":"https:\/\/medikwestindies.fr\/blog\/wp-json\/wp\/v2\/media?parent=3894"}],"wp:term":[{"taxonomy":"product_cat","embeddable":true,"href":"https:\/\/medikwestindies.fr\/blog\/wp-json\/wp\/v2\/product_cat?post=3894"},{"taxonomy":"product_tag","embeddable":true,"href":"https:\/\/medikwestindies.fr\/blog\/wp-json\/wp\/v2\/product_tag?post=3894"}],"curies":[{"name":"wp","href":"https:\/\/api.w.org\/{rel}","templated":true}]}}